{"id":127,"date":"2026-01-11T07:44:17","date_gmt":"2026-01-11T06:44:17","guid":{"rendered":"https:\/\/sparkshift.hu\/?page_id=127"},"modified":"2026-02-24T18:15:04","modified_gmt":"2026-02-24T17:15:04","slug":"palyazatok","status":"publish","type":"page","link":"https:\/\/sparkshift.hu\/?page_id=127","title":{"rendered":"P\u00e1ly\u00e1zatok"},"content":{"rendered":"\t\t<div data-elementor-type=\"wp-page\" data-elementor-id=\"127\" class=\"elementor elementor-127\" data-elementor-post-type=\"page\">\n\t\t\t\t\t\t<section class=\"elementor-section elementor-top-section elementor-element elementor-element-cb66ee9 elementor-section-boxed elementor-section-height-default elementor-section-height-default\" data-id=\"cb66ee9\" data-element_type=\"section\">\n\t\t\t\t\t\t<div class=\"elementor-container elementor-column-gap-default\">\n\t\t\t\t\t<div class=\"elementor-column elementor-col-100 elementor-top-column elementor-element elementor-element-b080982\" data-id=\"b080982\" data-element_type=\"column\">\n\t\t\t<div class=\"elementor-widget-wrap elementor-element-populated\">\n\t\t\t\t\t\t<div class=\"elementor-element elementor-element-7610ca5 elementor-widget elementor-widget-spacer\" data-id=\"7610ca5\" data-element_type=\"widget\" data-widget_type=\"spacer.default\">\n\t\t\t\t<div class=\"elementor-widget-container\">\n\t\t\t\t\t\t\t<div class=\"elementor-spacer\">\n\t\t\t<div class=\"elementor-spacer-inner\"><\/div>\n\t\t<\/div>\n\t\t\t\t\t\t<\/div>\n\t\t\t\t<\/div>\n\t\t\t\t\t<\/div>\n\t\t<\/div>\n\t\t\t\t\t<\/div>\n\t\t<\/section>\n\t\t\t\t<section class=\"elementor-section elementor-top-section elementor-element elementor-element-3cfbcc4 elementor-section-boxed elementor-section-height-default elementor-section-height-default\" data-id=\"3cfbcc4\" data-element_type=\"section\">\n\t\t\t\t\t\t<div class=\"elementor-container elementor-column-gap-default\">\n\t\t\t\t\t<div class=\"elementor-column elementor-col-50 elementor-top-column elementor-element elementor-element-e3d73b5\" data-id=\"e3d73b5\" data-element_type=\"column\">\n\t\t\t<div class=\"elementor-widget-wrap elementor-element-populated\">\n\t\t\t\t\t\t<div class=\"elementor-element elementor-element-f41e17b elementor-widget elementor-widget-text-editor\" data-id=\"f41e17b\" data-element_type=\"widget\" data-widget_type=\"text-editor.default\">\n\t\t\t\t<div class=\"elementor-widget-container\">\n\t\t\t\t\t\t\t\t\t<h1 data-start=\"266\" data-end=\"328\">P\u00e1ly\u00e1zati \u00e9s t\u00e1mogat\u00e1si lehet\u0151s\u00e9gek napelemes rendszerekhez<\/h1><p data-start=\"330\" data-end=\"691\">A napelemes beruh\u00e1z\u00e1sok eset\u00e9ben a p\u00e1ly\u00e1zatok \u00e9s \u00e1llami t\u00e1mogat\u00e1sok <strong data-start=\"398\" data-end=\"438\">kulcsfontoss\u00e1g\u00fa szerepet t\u00f6ltenek be<\/strong>, hiszen jelent\u0151sen cs\u00f6kkenthetik a beruh\u00e1z\u00e1s k\u00f6lts\u00e9g\u00e9t, ak\u00e1r vissza nem t\u00e9r\u00edtend\u0151 form\u00e1ban is.<br data-start=\"533\" data-end=\"536\" \/>Az al\u00e1bbiakban \u00f6sszegy\u0171jt\u00f6tt\u00fck azokat a <strong data-start=\"576\" data-end=\"611\">hivatalos \u00e9s hiteles forr\u00e1sokat<\/strong>, ahol naprak\u00e9sz inform\u00e1ci\u00f3kat tal\u00e1lhat a napelemekhez kapcsol\u00f3d\u00f3 p\u00e1ly\u00e1zatokr\u00f3l.<\/p>\t\t\t\t\t\t\t\t<\/div>\n\t\t\t\t<\/div>\n\t\t\t\t\t<\/div>\n\t\t<\/div>\n\t\t\t\t<div class=\"elementor-column elementor-col-50 elementor-top-column elementor-element elementor-element-084b65b\" data-id=\"084b65b\" data-element_type=\"column\">\n\t\t\t<div class=\"elementor-widget-wrap elementor-element-populated\">\n\t\t\t\t\t\t<div class=\"elementor-element elementor-element-7ce8581 elementor-widget elementor-widget-image\" data-id=\"7ce8581\" data-element_type=\"widget\" data-widget_type=\"image.default\">\n\t\t\t\t<div class=\"elementor-widget-container\">\n\t\t\t\t\t\t\t\t\t\t\t\t\t\t\t<img fetchpriority=\"high\" decoding=\"async\" width=\"1024\" height=\"683\" src=\"https:\/\/sparkshift.hu\/wp-content\/uploads\/2026\/01\/ChatGPT-Image-2026.-jan.-9.-19_59_34-1024x683.png\" class=\"attachment-large size-large wp-image-181\" alt=\"\" srcset=\"https:\/\/sparkshift.hu\/wp-content\/uploads\/2026\/01\/ChatGPT-Image-2026.-jan.-9.-19_59_34-1024x683.png 1024w, https:\/\/sparkshift.hu\/wp-content\/uploads\/2026\/01\/ChatGPT-Image-2026.-jan.-9.-19_59_34-300x200.png 300w, https:\/\/sparkshift.hu\/wp-content\/uploads\/2026\/01\/ChatGPT-Image-2026.-jan.-9.-19_59_34-768x512.png 768w, https:\/\/sparkshift.hu\/wp-content\/uploads\/2026\/01\/ChatGPT-Image-2026.-jan.-9.-19_59_34.png 1536w\" sizes=\"(max-width: 1024px) 100vw, 1024px\" \/>\t\t\t\t\t\t\t\t\t\t\t\t\t\t\t<\/div>\n\t\t\t\t<\/div>\n\t\t\t\t\t<\/div>\n\t\t<\/div>\n\t\t\t\t\t<\/div>\n\t\t<\/section>\n\t\t\t\t<section class=\"elementor-section elementor-top-section elementor-element elementor-element-f1888be elementor-section-boxed elementor-section-height-default elementor-section-height-default\" data-id=\"f1888be\" data-element_type=\"section\">\n\t\t\t\t\t\t<div class=\"elementor-container elementor-column-gap-default\">\n\t\t\t\t\t<div class=\"elementor-column elementor-col-50 elementor-top-column elementor-element elementor-element-22f68b0\" data-id=\"22f68b0\" data-element_type=\"column\">\n\t\t\t<div class=\"elementor-widget-wrap elementor-element-populated\">\n\t\t\t\t\t\t<div class=\"elementor-element elementor-element-b1551c9 elementor-widget elementor-widget-image\" data-id=\"b1551c9\" data-element_type=\"widget\" data-widget_type=\"image.default\">\n\t\t\t\t<div class=\"elementor-widget-container\">\n\t\t\t\t\t\t\t\t\t\t\t\t\t\t\t<img decoding=\"async\" width=\"1024\" height=\"683\" src=\"https:\/\/sparkshift.hu\/wp-content\/uploads\/2026\/01\/ChatGPT-Image-2026.-jan.-9-1024x683.jpg\" class=\"attachment-large size-large wp-image-326\" alt=\"\" srcset=\"https:\/\/sparkshift.hu\/wp-content\/uploads\/2026\/01\/ChatGPT-Image-2026.-jan.-9-1024x683.jpg 1024w, https:\/\/sparkshift.hu\/wp-content\/uploads\/2026\/01\/ChatGPT-Image-2026.-jan.-9-300x200.jpg 300w, https:\/\/sparkshift.hu\/wp-content\/uploads\/2026\/01\/ChatGPT-Image-2026.-jan.-9-768x512.jpg 768w, https:\/\/sparkshift.hu\/wp-content\/uploads\/2026\/01\/ChatGPT-Image-2026.-jan.-9.jpg 1536w\" sizes=\"(max-width: 1024px) 100vw, 1024px\" \/>\t\t\t\t\t\t\t\t\t\t\t\t\t\t\t<\/div>\n\t\t\t\t<\/div>\n\t\t\t\t\t<\/div>\n\t\t<\/div>\n\t\t\t\t<div class=\"elementor-column elementor-col-50 elementor-top-column elementor-element elementor-element-3dfd3fb\" data-id=\"3dfd3fb\" data-element_type=\"column\">\n\t\t\t<div class=\"elementor-widget-wrap elementor-element-populated\">\n\t\t\t\t\t\t<div class=\"elementor-element elementor-element-c7e7702 elementor-widget elementor-widget-text-editor\" data-id=\"c7e7702\" data-element_type=\"widget\" data-widget_type=\"text-editor.default\">\n\t\t\t\t<div class=\"elementor-widget-container\">\n\t\t\t\t\t\t\t\t\t<h1 data-start=\"698\" data-end=\"737\">Hivatalos magyar p\u00e1ly\u00e1zati port\u00e1lok<\/h1><p data-start=\"739\" data-end=\"965\"><strong data-start=\"739\" data-end=\"780\"><span class=\"hover:entity-accent entity-underline inline cursor-pointer align-baseline\"><span class=\"whitespace-normal\">P\u00e1ly\u00e1zat.gov.hu<\/span><\/span><\/strong><br data-start=\"780\" data-end=\"783\" \/><a href=\"https:\/\/www.palyazat.gov.hu\/\">https:\/\/www.palyazat.gov.hu<\/a><br data-start=\"810\" data-end=\"813\" \/>A magyar \u00e1llam hivatalos p\u00e1ly\u00e1zati oldala. Itt jelennek meg a lakoss\u00e1gi \u00e9s v\u00e1llalkoz\u00f3i napelemes p\u00e1ly\u00e1zatok, r\u00e9szletes felt\u00e9telekkel \u00e9s dokument\u00e1ci\u00f3val.<\/p><p data-start=\"967\" data-end=\"1130\"><strong data-start=\"967\" data-end=\"996\">Napelem p\u00e1ly\u00e1zati aloldal<\/strong><br data-start=\"996\" data-end=\"999\" \/><a href=\"https:\/\/napelem.palyazat.gov.hu\/\">https:\/\/napelem.palyazat.gov.hu<\/a><br data-start=\"1030\" data-end=\"1033\" \/>Kifejezetten a napelemes rendszerekhez kapcsol\u00f3d\u00f3 t\u00e1mogat\u00e1sok gy\u0171jt\u0151oldala, bead\u00e1si \u00fatmutat\u00f3kkal.<\/p>\t\t\t\t\t\t\t\t<\/div>\n\t\t\t\t<\/div>\n\t\t\t\t\t<\/div>\n\t\t<\/div>\n\t\t\t\t\t<\/div>\n\t\t<\/section>\n\t\t\t\t<section class=\"elementor-section elementor-top-section elementor-element elementor-element-145808c elementor-section-boxed elementor-section-height-default elementor-section-height-default\" data-id=\"145808c\" data-element_type=\"section\">\n\t\t\t\t\t\t<div class=\"elementor-container elementor-column-gap-default\">\n\t\t\t\t\t<div class=\"elementor-column elementor-col-50 elementor-top-column elementor-element elementor-element-a40f079\" data-id=\"a40f079\" data-element_type=\"column\">\n\t\t\t<div class=\"elementor-widget-wrap elementor-element-populated\">\n\t\t\t\t\t\t<div class=\"elementor-element elementor-element-702c2f3 elementor-widget elementor-widget-text-editor\" data-id=\"702c2f3\" data-element_type=\"widget\" data-widget_type=\"text-editor.default\">\n\t\t\t\t<div class=\"elementor-widget-container\">\n\t\t\t\t\t\t\t\t\t<h1 data-start=\"1137\" data-end=\"1172\">Lakoss\u00e1gi napelemes t\u00e1mogat\u00e1sok<\/h1><p data-start=\"1174\" data-end=\"1362\"><strong data-start=\"1174\" data-end=\"1221\">Napenergia Plusz Program (kor\u00e1bbi p\u00e1ly\u00e1zat)<\/strong><br data-start=\"1221\" data-end=\"1224\" \/><a href=\"https:\/\/napenergiaplusz.nffku.hu\/\">https:\/\/napenergiaplusz.nffku.hu<\/a><br data-start=\"1256\" data-end=\"1259\" \/>A kor\u00e1bbi lakoss\u00e1gi napelemes \u00e9s energiat\u00e1rol\u00f3s program hivatalos oldala, hasznos h\u00e1tt\u00e9rinform\u00e1ci\u00f3kkal.<\/p><p data-start=\"1364\" data-end=\"1588\"><strong data-start=\"1364\" data-end=\"1411\">Vid\u00e9ki otthonfel\u00faj\u00edt\u00e1si t\u00e1mogat\u00e1s napelemre<\/strong><br data-start=\"1411\" data-end=\"1414\" \/><a class=\"decorated-link\" href=\"https:\/\/napplusz.hu\/napelem-tamogatas-2025-videki-otthonfelujitas\/\" target=\"_new\" rel=\"noopener\" data-start=\"1414\" data-end=\"1479\">https:\/\/napplusz.hu\/napelem-tamogatas-2025-videki-otthonfelujitas<\/a><br data-start=\"1479\" data-end=\"1482\" \/>Kistelep\u00fcl\u00e9seken \u00e9l\u0151k sz\u00e1m\u00e1ra el\u00e9rhet\u0151 t\u00e1mogat\u00e1s, amely napelemes rendszer telep\u00edt\u00e9s\u00e9re is felhaszn\u00e1lhat\u00f3.<\/p>\t\t\t\t\t\t\t\t<\/div>\n\t\t\t\t<\/div>\n\t\t\t\t\t<\/div>\n\t\t<\/div>\n\t\t\t\t<div class=\"elementor-column elementor-col-50 elementor-top-column elementor-element elementor-element-0091c89\" data-id=\"0091c89\" data-element_type=\"column\">\n\t\t\t<div class=\"elementor-widget-wrap elementor-element-populated\">\n\t\t\t\t\t\t<div class=\"elementor-element elementor-element-ef73e2b elementor-widget elementor-widget-image\" data-id=\"ef73e2b\" data-element_type=\"widget\" data-widget_type=\"image.default\">\n\t\t\t\t<div class=\"elementor-widget-container\">\n\t\t\t\t\t\t\t\t\t\t\t\t\t\t\t<img decoding=\"async\" width=\"1024\" height=\"683\" src=\"https:\/\/sparkshift.hu\/wp-content\/uploads\/2026\/01\/ChatGPT-Image-2026.-jan.-9.-19_52_25-1024x683.png\" class=\"attachment-large size-large wp-image-186\" alt=\"\" srcset=\"https:\/\/sparkshift.hu\/wp-content\/uploads\/2026\/01\/ChatGPT-Image-2026.-jan.-9.-19_52_25-1024x683.png 1024w, https:\/\/sparkshift.hu\/wp-content\/uploads\/2026\/01\/ChatGPT-Image-2026.-jan.-9.-19_52_25-300x200.png 300w, https:\/\/sparkshift.hu\/wp-content\/uploads\/2026\/01\/ChatGPT-Image-2026.-jan.-9.-19_52_25-768x512.png 768w, https:\/\/sparkshift.hu\/wp-content\/uploads\/2026\/01\/ChatGPT-Image-2026.-jan.-9.-19_52_25.png 1536w\" sizes=\"(max-width: 1024px) 100vw, 1024px\" \/>\t\t\t\t\t\t\t\t\t\t\t\t\t\t\t<\/div>\n\t\t\t\t<\/div>\n\t\t\t\t\t<\/div>\n\t\t<\/div>\n\t\t\t\t\t<\/div>\n\t\t<\/section>\n\t\t\t\t<section class=\"elementor-section elementor-top-section elementor-element elementor-element-22cff13 elementor-section-boxed elementor-section-height-default elementor-section-height-default\" data-id=\"22cff13\" data-element_type=\"section\">\n\t\t\t\t\t\t<div class=\"elementor-container elementor-column-gap-default\">\n\t\t\t\t\t<div class=\"elementor-column elementor-col-50 elementor-top-column elementor-element elementor-element-95181aa\" data-id=\"95181aa\" data-element_type=\"column\">\n\t\t\t<div class=\"elementor-widget-wrap elementor-element-populated\">\n\t\t\t\t\t\t<div class=\"elementor-element elementor-element-844f926 elementor-widget elementor-widget-image\" data-id=\"844f926\" data-element_type=\"widget\" data-widget_type=\"image.default\">\n\t\t\t\t<div class=\"elementor-widget-container\">\n\t\t\t\t\t\t\t\t\t\t\t\t\t\t\t<img decoding=\"async\" width=\"1024\" height=\"683\" src=\"https:\/\/sparkshift.hu\/wp-content\/uploads\/2026\/01\/ChatGPT-Image-2026.-jan.-9-1024x683.jpg\" class=\"attachment-large size-large wp-image-326\" alt=\"\" srcset=\"https:\/\/sparkshift.hu\/wp-content\/uploads\/2026\/01\/ChatGPT-Image-2026.-jan.-9-1024x683.jpg 1024w, https:\/\/sparkshift.hu\/wp-content\/uploads\/2026\/01\/ChatGPT-Image-2026.-jan.-9-300x200.jpg 300w, https:\/\/sparkshift.hu\/wp-content\/uploads\/2026\/01\/ChatGPT-Image-2026.-jan.-9-768x512.jpg 768w, https:\/\/sparkshift.hu\/wp-content\/uploads\/2026\/01\/ChatGPT-Image-2026.-jan.-9.jpg 1536w\" sizes=\"(max-width: 1024px) 100vw, 1024px\" \/>\t\t\t\t\t\t\t\t\t\t\t\t\t\t\t<\/div>\n\t\t\t\t<\/div>\n\t\t\t\t\t<\/div>\n\t\t<\/div>\n\t\t\t\t<div class=\"elementor-column elementor-col-50 elementor-top-column elementor-element elementor-element-5440c28\" data-id=\"5440c28\" data-element_type=\"column\">\n\t\t\t<div class=\"elementor-widget-wrap elementor-element-populated\">\n\t\t\t\t\t\t<div class=\"elementor-element elementor-element-0d773fb elementor-widget elementor-widget-text-editor\" data-id=\"0d773fb\" data-element_type=\"widget\" data-widget_type=\"text-editor.default\">\n\t\t\t\t<div class=\"elementor-widget-container\">\n\t\t\t\t\t\t\t\t\t<h1 data-start=\"1595\" data-end=\"1641\">Energiat\u00e1rol\u00e1s \u00e9s akkumul\u00e1toros rendszerek<\/h1>\n<p data-start=\"1643\" data-end=\"1794\"><span data-start=\"1796\" data-end=\"1843\" style=\"font-size: 14px;\"><b>Napelem + akkumul\u00e1tor p\u00e1ly\u00e1zati inform\u00e1ci\u00f3k<br><\/b><\/span><a class=\"decorated-link\" href=\"https:\/\/energiamernok.hu\/napelem-akkumulator-palyazat-2026-igy-kaphatsz-25-millio-forint-tamogatast-energiatarolora?utm_source=chatgpt.com\" target=\"_new\" rel=\"noopener\" data-start=\"1846\" data-end=\"1961\" style=\"font-size: 14px; background-color: rgb(255, 255, 255);\">https:\/\/energiamernok.hu\/napelem-akkumulator-palyazat-2026-igy-kaphatsz-25-millio-forint-tamogatast-energiatarolora<\/a><br><span style=\"font-size: 14px;\">R\u00e9szletes t\u00e1j\u00e9koztat\u00f3 az energiat\u00e1rol\u00e1ssal kombin\u00e1lt rendszerek t\u00e1mogat\u00e1s\u00e1r\u00f3l.<\/span><\/p>\t\t\t\t\t\t\t\t<\/div>\n\t\t\t\t<\/div>\n\t\t\t\t\t<\/div>\n\t\t<\/div>\n\t\t\t\t\t<\/div>\n\t\t<\/section>\n\t\t\t\t<section class=\"elementor-section elementor-top-section elementor-element elementor-element-6ddd77b elementor-section-boxed elementor-section-height-default elementor-section-height-default\" data-id=\"6ddd77b\" data-element_type=\"section\">\n\t\t\t\t\t\t<div class=\"elementor-container elementor-column-gap-default\">\n\t\t\t\t\t<div class=\"elementor-column elementor-col-50 elementor-top-column elementor-element elementor-element-b728e04\" data-id=\"b728e04\" data-element_type=\"column\">\n\t\t\t<div class=\"elementor-widget-wrap elementor-element-populated\">\n\t\t\t\t\t\t<div class=\"elementor-element elementor-element-1875f98 elementor-widget elementor-widget-text-editor\" data-id=\"1875f98\" data-element_type=\"widget\" data-widget_type=\"text-editor.default\">\n\t\t\t\t<div class=\"elementor-widget-container\">\n\t\t\t\t\t\t\t\t\t<h1 style=\"font-variant-ligatures: normal; font-variant-caps: normal; font-family: Roboto, sans-serif; font-style: normal;\" data-start=\"2049\" data-end=\"2092\">P\u00e1ly\u00e1zatfigyel\u0151 \u00e9s \u00f6sszefoglal\u00f3 oldalak<\/h1><p style=\"font-variant-ligatures: normal; font-variant-caps: normal; font-family: Roboto, sans-serif; font-size: 14px; font-style: normal; font-weight: 400; color: #0a1f44;\" data-start=\"2094\" data-end=\"2278\"><span style=\"font-size: 14px; font-weight: 600;\" data-start=\"2094\" data-end=\"2136\">P\u00e1ly\u00e1zatMenedzser \u2013 napelem p\u00e1ly\u00e1zatok<\/span><br data-start=\"2136\" data-end=\"2139\" \/><a class=\"decorated-link\" style=\"font-size: 14px; transition-property: all;\" href=\"https:\/\/palyazatmenedzser.hu\/cimke\/napelem-palyazatok\/\" target=\"_new\" rel=\"noopener\" data-start=\"2139\" data-end=\"2192\">https:\/\/palyazatmenedzser.hu\/cimke\/napelem-palyazatok<\/a><br data-start=\"2192\" data-end=\"2195\" \/>Folyamatosan friss\u00edtett gy\u0171jt\u0151oldal az aktu\u00e1lis \u00e9s v\u00e1rhat\u00f3 napelemes p\u00e1ly\u00e1zatokr\u00f3l.<\/p><p style=\"font-variant-ligatures: normal; font-variant-caps: normal; font-family: Roboto, sans-serif; font-size: 14px; font-style: normal; font-weight: 400; color: #0a1f44;\" data-start=\"2280\" data-end=\"2424\">\u00a0<\/p>\t\t\t\t\t\t\t\t<\/div>\n\t\t\t\t<\/div>\n\t\t\t\t\t<\/div>\n\t\t<\/div>\n\t\t\t\t<div class=\"elementor-column elementor-col-50 elementor-top-column elementor-element elementor-element-87b6745\" data-id=\"87b6745\" data-element_type=\"column\">\n\t\t\t<div class=\"elementor-widget-wrap elementor-element-populated\">\n\t\t\t\t\t\t<div class=\"elementor-element elementor-element-c61170b elementor-widget elementor-widget-image\" data-id=\"c61170b\" data-element_type=\"widget\" data-widget_type=\"image.default\">\n\t\t\t\t<div class=\"elementor-widget-container\">\n\t\t\t\t\t\t\t\t\t\t\t\t\t\t\t<img loading=\"lazy\" decoding=\"async\" width=\"1024\" height=\"683\" src=\"https:\/\/sparkshift.hu\/wp-content\/uploads\/2026\/01\/ChatGPT-Image-2026.-jan.-9.-19_56_21-1024x683.png\" class=\"attachment-large size-large wp-image-188\" alt=\"\" srcset=\"https:\/\/sparkshift.hu\/wp-content\/uploads\/2026\/01\/ChatGPT-Image-2026.-jan.-9.-19_56_21-1024x683.png 1024w, https:\/\/sparkshift.hu\/wp-content\/uploads\/2026\/01\/ChatGPT-Image-2026.-jan.-9.-19_56_21-300x200.png 300w, https:\/\/sparkshift.hu\/wp-content\/uploads\/2026\/01\/ChatGPT-Image-2026.-jan.-9.-19_56_21-768x512.png 768w, https:\/\/sparkshift.hu\/wp-content\/uploads\/2026\/01\/ChatGPT-Image-2026.-jan.-9.-19_56_21.png 1536w\" sizes=\"(max-width: 1024px) 100vw, 1024px\" \/>\t\t\t\t\t\t\t\t\t\t\t\t\t\t\t<\/div>\n\t\t\t\t<\/div>\n\t\t\t\t\t<\/div>\n\t\t<\/div>\n\t\t\t\t\t<\/div>\n\t\t<\/section>\n\t\t\t\t<section class=\"elementor-section elementor-top-section elementor-element elementor-element-f95dc70 elementor-section-boxed elementor-section-height-default elementor-section-height-default\" data-id=\"f95dc70\" data-element_type=\"section\">\n\t\t\t\t\t\t<div class=\"elementor-container elementor-column-gap-default\">\n\t\t\t\t\t<div class=\"elementor-column elementor-col-50 elementor-top-column elementor-element elementor-element-29949d1\" data-id=\"29949d1\" data-element_type=\"column\">\n\t\t\t<div class=\"elementor-widget-wrap elementor-element-populated\">\n\t\t\t\t\t\t<div class=\"elementor-element elementor-element-f4e1424 elementor-widget elementor-widget-image\" data-id=\"f4e1424\" data-element_type=\"widget\" data-widget_type=\"image.default\">\n\t\t\t\t<div class=\"elementor-widget-container\">\n\t\t\t\t\t\t\t\t\t\t\t\t\t\t\t<img loading=\"lazy\" decoding=\"async\" width=\"1024\" height=\"683\" src=\"https:\/\/sparkshift.hu\/wp-content\/uploads\/2026\/01\/ChatGPT-Image-2026.-jan.-9.-20_06_00-1024x683.png\" class=\"attachment-large size-large wp-image-189\" alt=\"\" srcset=\"https:\/\/sparkshift.hu\/wp-content\/uploads\/2026\/01\/ChatGPT-Image-2026.-jan.-9.-20_06_00-1024x683.png 1024w, https:\/\/sparkshift.hu\/wp-content\/uploads\/2026\/01\/ChatGPT-Image-2026.-jan.-9.-20_06_00-300x200.png 300w, https:\/\/sparkshift.hu\/wp-content\/uploads\/2026\/01\/ChatGPT-Image-2026.-jan.-9.-20_06_00-768x512.png 768w, https:\/\/sparkshift.hu\/wp-content\/uploads\/2026\/01\/ChatGPT-Image-2026.-jan.-9.-20_06_00.png 1536w\" sizes=\"(max-width: 1024px) 100vw, 1024px\" \/>\t\t\t\t\t\t\t\t\t\t\t\t\t\t\t<\/div>\n\t\t\t\t<\/div>\n\t\t\t\t\t<\/div>\n\t\t<\/div>\n\t\t\t\t<div class=\"elementor-column elementor-col-50 elementor-top-column elementor-element elementor-element-23ddd7f\" data-id=\"23ddd7f\" data-element_type=\"column\">\n\t\t\t<div class=\"elementor-widget-wrap elementor-element-populated\">\n\t\t\t\t\t\t<div class=\"elementor-element elementor-element-c652da2 elementor-widget elementor-widget-text-editor\" data-id=\"c652da2\" data-element_type=\"widget\" data-widget_type=\"text-editor.default\">\n\t\t\t\t<div class=\"elementor-widget-container\">\n\t\t\t\t\t\t\t\t\t<h1 data-start=\"2431\" data-end=\"2471\">Eur\u00f3pai uni\u00f3s \u00e9s strat\u00e9giai forr\u00e1sok<\/h1>\n<p data-start=\"2473\" data-end=\"2672\"><strong data-start=\"2473\" data-end=\"2515\">Eur\u00f3pai Uni\u00f3 \u2013&nbsp;<\/strong><strong data-start=\"211\" data-end=\"262\">Finansz\u00edroz\u00e1s, vissza nem t\u00e9r\u00edtend\u0151 t\u00e1mogat\u00e1sok<\/strong>&nbsp;<br><span style=\"font-size: 14px;\"><a href=\"https:\/\/european-union.europa.eu\/live-work-study\/funding-grants-subsidies_hu\">https:\/\/european-union.europa.eu\/live-work-study\/funding-grants-subsidies_hu<\/a><br><\/span><span style=\"font-size: 14px;\">Eur\u00f3pai uni\u00f3s programok \u00e9s t\u00e1mogat\u00e1sok \u00e1ttekint\u00e9se magyarul (\u00e1ltal\u00e1nos EU p\u00e1ly\u00e1zati inform\u00e1ci\u00f3)<\/span><\/p>\t\t\t\t\t\t\t\t<\/div>\n\t\t\t\t<\/div>\n\t\t\t\t\t<\/div>\n\t\t<\/div>\n\t\t\t\t\t<\/div>\n\t\t<\/section>\n\t\t\t\t<section class=\"elementor-section elementor-top-section elementor-element elementor-element-e16f747 elementor-section-boxed elementor-section-height-default elementor-section-height-default\" data-id=\"e16f747\" data-element_type=\"section\">\n\t\t\t\t\t\t<div class=\"elementor-container elementor-column-gap-default\">\n\t\t\t\t\t<div class=\"elementor-column elementor-col-100 elementor-top-column elementor-element elementor-element-35d639a\" data-id=\"35d639a\" data-element_type=\"column\">\n\t\t\t<div class=\"elementor-widget-wrap elementor-element-populated\">\n\t\t\t\t\t\t<div class=\"elementor-element elementor-element-ad04562 elementor-widget elementor-widget-spacer\" data-id=\"ad04562\" data-element_type=\"widget\" data-widget_type=\"spacer.default\">\n\t\t\t\t<div class=\"elementor-widget-container\">\n\t\t\t\t\t\t\t<div class=\"elementor-spacer\">\n\t\t\t<div class=\"elementor-spacer-inner\"><\/div>\n\t\t<\/div>\n\t\t\t\t\t\t<\/div>\n\t\t\t\t<\/div>\n\t\t\t\t\t<\/div>\n\t\t<\/div>\n\t\t\t\t\t<\/div>\n\t\t<\/section>\n\t\t\t\t<\/div>\n\t\t","protected":false},"excerpt":{"rendered":"<p>P\u00e1ly\u00e1zati \u00e9s t\u00e1mogat\u00e1si lehet\u0151s\u00e9gek napelemes rendszerekhez A napelemes beruh\u00e1z\u00e1sok eset\u00e9ben a p\u00e1ly\u00e1zatok \u00e9s \u00e1llami t\u00e1mogat\u00e1sok kulcsfontoss\u00e1g\u00fa szerepet t\u00f6ltenek be, hiszen jelent\u0151sen cs\u00f6kkenthetik a beruh\u00e1z\u00e1s k\u00f6lts\u00e9g\u00e9t, ak\u00e1r vissza nem t\u00e9r\u00edtend\u0151 form\u00e1ban is.Az al\u00e1bbiakban \u00f6sszegy\u0171jt\u00f6tt\u00fck azokat a hivatalos \u00e9s hiteles forr\u00e1sokat, ahol naprak\u00e9sz inform\u00e1ci\u00f3kat tal\u00e1lhat a napelemekhez kapcsol\u00f3d\u00f3 p\u00e1ly\u00e1zatokr\u00f3l. Hivatalos magyar p\u00e1ly\u00e1zati port\u00e1lok P\u00e1ly\u00e1zat.gov.huhttps:\/\/www.palyazat.gov.huA magyar \u00e1llam hivatalos [&hellip;]<\/p>\n","protected":false},"author":1,"featured_media":0,"parent":0,"menu_order":0,"comment_status":"closed","ping_status":"closed","template":"","meta":{"footnotes":""},"class_list":["post-127","page","type-page","status-publish","hentry","entry"],"_links":{"self":[{"href":"https:\/\/sparkshift.hu\/index.php?rest_route=\/wp\/v2\/pages\/127","targetHints":{"allow":["GET"]}}],"collection":[{"href":"https:\/\/sparkshift.hu\/index.php?rest_route=\/wp\/v2\/pages"}],"about":[{"href":"https:\/\/sparkshift.hu\/index.php?rest_route=\/wp\/v2\/types\/page"}],"author":[{"embeddable":true,"href":"https:\/\/sparkshift.hu\/index.php?rest_route=\/wp\/v2\/users\/1"}],"replies":[{"embeddable":true,"href":"https:\/\/sparkshift.hu\/index.php?rest_route=%2Fwp%2Fv2%2Fcomments&post=127"}],"version-history":[{"count":67,"href":"https:\/\/sparkshift.hu\/index.php?rest_route=\/wp\/v2\/pages\/127\/revisions"}],"predecessor-version":[{"id":453,"href":"https:\/\/sparkshift.hu\/index.php?rest_route=\/wp\/v2\/pages\/127\/revisions\/453"}],"wp:attachment":[{"href":"https:\/\/sparkshift.hu\/index.php?rest_route=%2Fwp%2Fv2%2Fmedia&parent=127"}],"curies":[{"name":"wp","href":"https:\/\/api.w.org\/{rel}","templated":true}]}}