{"id":125,"date":"2026-01-11T07:44:00","date_gmt":"2026-01-11T06:44:00","guid":{"rendered":"https:\/\/sparkshift.hu\/?page_id=125"},"modified":"2026-03-21T10:12:20","modified_gmt":"2026-03-21T09:12:20","slug":"kapcsolat","status":"publish","type":"page","link":"https:\/\/sparkshift.hu\/?page_id=125","title":{"rendered":"Kapcsolat"},"content":{"rendered":"\t\t<div data-elementor-type=\"wp-page\" data-elementor-id=\"125\" class=\"elementor elementor-125\" data-elementor-post-type=\"page\">\n\t\t\t\t\t\t<section class=\"elementor-section elementor-top-section elementor-element elementor-element-fc6845c elementor-section-boxed elementor-section-height-default elementor-section-height-default\" data-id=\"fc6845c\" data-element_type=\"section\">\n\t\t\t\t\t\t<div class=\"elementor-container elementor-column-gap-default\">\n\t\t\t\t\t<div class=\"elementor-column elementor-col-100 elementor-top-column elementor-element elementor-element-264650e\" data-id=\"264650e\" data-element_type=\"column\">\n\t\t\t<div class=\"elementor-widget-wrap elementor-element-populated\">\n\t\t\t\t\t\t<div class=\"elementor-element elementor-element-61e42c5 elementor-widget elementor-widget-spacer\" data-id=\"61e42c5\" data-element_type=\"widget\" data-widget_type=\"spacer.default\">\n\t\t\t\t<div class=\"elementor-widget-container\">\n\t\t\t\t\t\t\t<div class=\"elementor-spacer\">\n\t\t\t<div class=\"elementor-spacer-inner\"><\/div>\n\t\t<\/div>\n\t\t\t\t\t\t<\/div>\n\t\t\t\t<\/div>\n\t\t\t\t\t<\/div>\n\t\t<\/div>\n\t\t\t\t\t<\/div>\n\t\t<\/section>\n\t\t\t\t<section class=\"elementor-section elementor-top-section elementor-element elementor-element-36e9544 elementor-section-boxed elementor-section-height-default elementor-section-height-default\" data-id=\"36e9544\" data-element_type=\"section\">\n\t\t\t\t\t\t<div class=\"elementor-container elementor-column-gap-default\">\n\t\t\t\t\t<div class=\"elementor-column elementor-col-50 elementor-top-column elementor-element elementor-element-e557983\" data-id=\"e557983\" data-element_type=\"column\">\n\t\t\t<div class=\"elementor-widget-wrap elementor-element-populated\">\n\t\t\t\t\t\t<div class=\"elementor-element elementor-element-6f965c6 elementor-widget elementor-widget-text-editor\" data-id=\"6f965c6\" data-element_type=\"widget\" data-widget_type=\"text-editor.default\">\n\t\t\t\t<div class=\"elementor-widget-container\">\n\t\t\t\t\t\t\t\t\t<h1>Kapcsolat<\/h1><p class=\"isSelectedEnd\">Vegye fel vel\u00fcnk a kapcsolatot bizalommal, ha\u00a0<strong>napelemrendszer telep\u00edt\u00e9s\u00e9n<\/strong>, b\u0151v\u00edt\u00e9s\u00e9n vagy energetikai korszer\u0171s\u00edt\u00e9sen gondolkodik.<br \/>Szak\u00e9rt\u0151 csapatunk k\u00e9szs\u00e9ggel seg\u00edt a\u00a0<strong>tervez\u00e9st\u0151l a kivitelez\u00e9sig.<\/strong><\/p><h3><img decoding=\"async\" class=\"emoji\" role=\"img\" draggable=\"false\" src=\"https:\/\/s.w.org\/images\/core\/emoji\/17.0.2\/svg\/1f4de.svg\" alt=\"\ud83d\udcde\" \/>\u00a0El\u00e9rhet\u0151s\u00e9geink<\/h3><p class=\"isSelectedEnd\"><strong>Telefon:<\/strong>\u00a0+36 30 088 8872<br \/><strong>E-mail:<\/strong>\u00a0<a href=\"mailto:info@sparkshift.hu\" target=\"_blank\" rel=\"noopener\">info@sparkshift.hu<\/a><\/p><h3><img decoding=\"async\" class=\"emoji\" role=\"img\" draggable=\"false\" src=\"https:\/\/s.w.org\/images\/core\/emoji\/17.0.2\/svg\/1f4cd.svg\" alt=\"\ud83d\udccd\" \/>\u00a0Irod\u00e1nk<\/h3><p class=\"isSelectedEnd\">C\u00edm: 8600, Si\u00f3fok<br \/>(Nyitvatart\u00e1s el\u0151zetes egyeztet\u00e9s alapj\u00e1n)<\/p>\t\t\t\t\t\t\t\t<\/div>\n\t\t\t\t<\/div>\n\t\t\t\t\t<\/div>\n\t\t<\/div>\n\t\t\t\t<div class=\"elementor-column elementor-col-50 elementor-top-column elementor-element elementor-element-b371c0d\" data-id=\"b371c0d\" data-element_type=\"column\">\n\t\t\t<div class=\"elementor-widget-wrap elementor-element-populated\">\n\t\t\t\t\t\t<div class=\"elementor-element elementor-element-e0d5393 elementor-widget elementor-widget-image\" data-id=\"e0d5393\" data-element_type=\"widget\" data-widget_type=\"image.default\">\n\t\t\t\t<div class=\"elementor-widget-container\">\n\t\t\t\t\t\t\t\t\t\t\t\t\t\t\t<img fetchpriority=\"high\" decoding=\"async\" width=\"1024\" height=\"683\" src=\"https:\/\/sparkshift.hu\/wp-content\/uploads\/2026\/01\/ChatGPT-Image-2026.-jan.-11.-09_17_23-1-1024x683.png\" class=\"attachment-large size-large wp-image-198\" alt=\"\" srcset=\"https:\/\/sparkshift.hu\/wp-content\/uploads\/2026\/01\/ChatGPT-Image-2026.-jan.-11.-09_17_23-1-1024x683.png 1024w, https:\/\/sparkshift.hu\/wp-content\/uploads\/2026\/01\/ChatGPT-Image-2026.-jan.-11.-09_17_23-1-300x200.png 300w, https:\/\/sparkshift.hu\/wp-content\/uploads\/2026\/01\/ChatGPT-Image-2026.-jan.-11.-09_17_23-1-768x512.png 768w, https:\/\/sparkshift.hu\/wp-content\/uploads\/2026\/01\/ChatGPT-Image-2026.-jan.-11.-09_17_23-1.png 1536w\" sizes=\"(max-width: 1024px) 100vw, 1024px\" \/>\t\t\t\t\t\t\t\t\t\t\t\t\t\t\t<\/div>\n\t\t\t\t<\/div>\n\t\t\t\t\t<\/div>\n\t\t<\/div>\n\t\t\t\t\t<\/div>\n\t\t<\/section>\n\t\t\t\t<section class=\"elementor-section elementor-top-section elementor-element elementor-element-ba2c15a elementor-section-boxed elementor-section-height-default elementor-section-height-default\" data-id=\"ba2c15a\" data-element_type=\"section\">\n\t\t\t\t\t\t<div class=\"elementor-container elementor-column-gap-default\">\n\t\t\t\t\t<div class=\"elementor-column elementor-col-50 elementor-top-column elementor-element elementor-element-222e0be\" data-id=\"222e0be\" data-element_type=\"column\">\n\t\t\t<div class=\"elementor-widget-wrap elementor-element-populated\">\n\t\t\t\t\t\t<div class=\"elementor-element elementor-element-b997d65 elementor-widget elementor-widget-image\" data-id=\"b997d65\" data-element_type=\"widget\" data-widget_type=\"image.default\">\n\t\t\t\t<div class=\"elementor-widget-container\">\n\t\t\t\t\t\t\t\t\t\t\t\t\t\t\t<img decoding=\"async\" width=\"1024\" height=\"683\" src=\"https:\/\/sparkshift.hu\/wp-content\/uploads\/2026\/01\/ChatGPT-Image-2026.-jan.-11.-09_23_29-1-1024x683.png\" class=\"attachment-large size-large wp-image-203\" alt=\"\" srcset=\"https:\/\/sparkshift.hu\/wp-content\/uploads\/2026\/01\/ChatGPT-Image-2026.-jan.-11.-09_23_29-1-1024x683.png 1024w, https:\/\/sparkshift.hu\/wp-content\/uploads\/2026\/01\/ChatGPT-Image-2026.-jan.-11.-09_23_29-1-300x200.png 300w, https:\/\/sparkshift.hu\/wp-content\/uploads\/2026\/01\/ChatGPT-Image-2026.-jan.-11.-09_23_29-1-768x512.png 768w, https:\/\/sparkshift.hu\/wp-content\/uploads\/2026\/01\/ChatGPT-Image-2026.-jan.-11.-09_23_29-1.png 1536w\" sizes=\"(max-width: 1024px) 100vw, 1024px\" \/>\t\t\t\t\t\t\t\t\t\t\t\t\t\t\t<\/div>\n\t\t\t\t<\/div>\n\t\t\t\t\t<\/div>\n\t\t<\/div>\n\t\t\t\t<div class=\"elementor-column elementor-col-50 elementor-top-column elementor-element elementor-element-6fe0423\" data-id=\"6fe0423\" data-element_type=\"column\">\n\t\t\t<div class=\"elementor-widget-wrap elementor-element-populated\">\n\t\t\t\t\t\t<div class=\"elementor-element elementor-element-548e2b9 elementor-widget elementor-widget-text-editor\" data-id=\"548e2b9\" data-element_type=\"widget\" data-widget_type=\"text-editor.default\">\n\t\t\t\t<div class=\"elementor-widget-container\">\n\t\t\t\t\t\t\t\t\t<h1>Aj\u00e1nlatk\u00e9r\u00e9s<\/h1>\n<p class=\"isSelectedEnd\">K\u00fcldj\u00f6n emailt, \u00e9s&nbsp;<strong>r\u00f6vid id\u0151n bel\u00fcl felvessz\u00fck \u00d6nnel a kapcsolatot<\/strong>.<br>Az aj\u00e1nlatk\u00e9r\u00e9s&nbsp;<strong>d\u00edjmentes \u00e9s k\u00f6telezetts\u00e9gmentes<\/strong>.<\/p>\n<p class=\"isSelectedEnd\">Az aj\u00e1nlat elk\u00e9sz\u00edt\u00e9s\u00e9hez az al\u00e1bbi adatok seg\u00edtenek minket:<\/p>\n<ul>\n<li class=\"isSelectedEnd\">telep\u00edt\u00e9s helysz\u00edne<\/li>\n<li class=\"isSelectedEnd\">ingatlan t\u00edpusa<\/li>\n<li class=\"isSelectedEnd\">\u00e9ves villanyfogyaszt\u00e1s (ha ismert)<\/li>\n<li class=\"isSelectedEnd\">c\u00e9ges vagy lakoss\u00e1gi felhaszn\u00e1l\u00e1s<\/li>\n<\/ul>\t\t\t\t\t\t\t\t<\/div>\n\t\t\t\t<\/div>\n\t\t\t\t\t<\/div>\n\t\t<\/div>\n\t\t\t\t\t<\/div>\n\t\t<\/section>\n\t\t\t\t<section class=\"elementor-section elementor-top-section elementor-element elementor-element-60cfda3 elementor-section-height-min-height elementor-section-boxed elementor-section-height-default elementor-section-items-middle\" data-id=\"60cfda3\" data-element_type=\"section\" data-settings=\"{&quot;background_background&quot;:&quot;classic&quot;}\">\n\t\t\t\t\t\t<div class=\"elementor-container elementor-column-gap-default\">\n\t\t\t\t\t<div class=\"elementor-column elementor-col-50 elementor-top-column elementor-element elementor-element-d9c7bda\" data-id=\"d9c7bda\" data-element_type=\"column\">\n\t\t\t<div class=\"elementor-widget-wrap elementor-element-populated\">\n\t\t\t\t\t\t<div class=\"elementor-element elementor-element-0bf864f elementor-align-center elementor-icon-list--layout-traditional elementor-list-item-link-full_width elementor-widget elementor-widget-icon-list\" data-id=\"0bf864f\" data-element_type=\"widget\" data-widget_type=\"icon-list.default\">\n\t\t\t\t<div class=\"elementor-widget-container\">\n\t\t\t\t\t\t\t<ul class=\"elementor-icon-list-items\">\n\t\t\t\t\t\t\t<li class=\"elementor-icon-list-item\">\n\t\t\t\t\t\t\t\t\t\t\t<span class=\"elementor-icon-list-icon\">\n\t\t\t\t\t\t\t<i aria-hidden=\"true\" class=\"fas fa-chevron-circle-right\"><\/i>\t\t\t\t\t\t<\/span>\n\t\t\t\t\t\t\t\t\t\t<span class=\"elementor-icon-list-text\">Szak\u00e9rt\u0151 csapat<\/span>\n\t\t\t\t\t\t\t\t\t<\/li>\n\t\t\t\t\t\t\t\t<li class=\"elementor-icon-list-item\">\n\t\t\t\t\t\t\t\t\t\t\t<span class=\"elementor-icon-list-icon\">\n\t\t\t\t\t\t\t<i aria-hidden=\"true\" class=\"fas fa-chevron-circle-right\"><\/i>\t\t\t\t\t\t<\/span>\n\t\t\t\t\t\t\t\t\t\t<span class=\"elementor-icon-list-text\">Min\u0151s\u00e9gi napelemek<\/span>\n\t\t\t\t\t\t\t\t\t<\/li>\n\t\t\t\t\t\t\t\t<li class=\"elementor-icon-list-item\">\n\t\t\t\t\t\t\t\t\t\t\t<span class=\"elementor-icon-list-icon\">\n\t\t\t\t\t\t\t<i aria-hidden=\"true\" class=\"fas fa-chevron-circle-right\"><\/i>\t\t\t\t\t\t<\/span>\n\t\t\t\t\t\t\t\t\t\t<span class=\"elementor-icon-list-text\">Teljesk\u00f6r\u0171 \u00fcgyint\u00e9z\u00e9s<\/span>\n\t\t\t\t\t\t\t\t\t<\/li>\n\t\t\t\t\t\t\t\t<li class=\"elementor-icon-list-item\">\n\t\t\t\t\t\t\t\t\t\t\t<span class=\"elementor-icon-list-icon\">\n\t\t\t\t\t\t\t<i aria-hidden=\"true\" class=\"fas fa-chevron-circle-right\"><\/i>\t\t\t\t\t\t<\/span>\n\t\t\t\t\t\t\t\t\t\t<span class=\"elementor-icon-list-text\">Fenntarthat\u00f3 megold\u00e1sok<\/span>\n\t\t\t\t\t\t\t\t\t<\/li>\n\t\t\t\t\t\t<\/ul>\n\t\t\t\t\t\t<\/div>\n\t\t\t\t<\/div>\n\t\t\t\t\t<\/div>\n\t\t<\/div>\n\t\t\t\t<div class=\"elementor-column elementor-col-50 elementor-top-column elementor-element elementor-element-b721a7d\" data-id=\"b721a7d\" data-element_type=\"column\">\n\t\t\t<div class=\"elementor-widget-wrap elementor-element-populated\">\n\t\t\t\t\t\t<div class=\"elementor-element elementor-element-10fb80f elementor-widget elementor-widget-image\" data-id=\"10fb80f\" data-element_type=\"widget\" data-widget_type=\"image.default\">\n\t\t\t\t<div class=\"elementor-widget-container\">\n\t\t\t\t\t\t\t\t\t\t\t\t\t\t\t<img decoding=\"async\" width=\"1024\" height=\"682\" src=\"https:\/\/sparkshift.hu\/wp-content\/uploads\/2026\/01\/WattsUP-1024x682.png\" class=\"attachment-large size-large wp-image-393\" alt=\"\" srcset=\"https:\/\/sparkshift.hu\/wp-content\/uploads\/2026\/01\/WattsUP-1024x682.png 1024w, https:\/\/sparkshift.hu\/wp-content\/uploads\/2026\/01\/WattsUP-300x200.png 300w, https:\/\/sparkshift.hu\/wp-content\/uploads\/2026\/01\/WattsUP-768x511.png 768w, https:\/\/sparkshift.hu\/wp-content\/uploads\/2026\/01\/WattsUP-1536x1023.png 1536w, https:\/\/sparkshift.hu\/wp-content\/uploads\/2026\/01\/WattsUP.png 1622w\" sizes=\"(max-width: 1024px) 100vw, 1024px\" \/>\t\t\t\t\t\t\t\t\t\t\t\t\t\t\t<\/div>\n\t\t\t\t<\/div>\n\t\t\t\t\t<\/div>\n\t\t<\/div>\n\t\t\t\t\t<\/div>\n\t\t<\/section>\n\t\t\t\t<\/div>\n\t\t","protected":false},"excerpt":{"rendered":"<p>Kapcsolat Vegye fel vel\u00fcnk a kapcsolatot bizalommal, ha\u00a0napelemrendszer telep\u00edt\u00e9s\u00e9n, b\u0151v\u00edt\u00e9s\u00e9n vagy energetikai korszer\u0171s\u00edt\u00e9sen gondolkodik.Szak\u00e9rt\u0151 csapatunk k\u00e9szs\u00e9ggel seg\u00edt a\u00a0tervez\u00e9st\u0151l a kivitelez\u00e9sig. \u00a0El\u00e9rhet\u0151s\u00e9geink Telefon:\u00a0+36 30 088 8872E-mail:\u00a0info@sparkshift.hu \u00a0Irod\u00e1nk C\u00edm: 8600, Si\u00f3fok(Nyitvatart\u00e1s el\u0151zetes egyeztet\u00e9s alapj\u00e1n) Aj\u00e1nlatk\u00e9r\u00e9s K\u00fcldj\u00f6n emailt, \u00e9s&nbsp;r\u00f6vid id\u0151n bel\u00fcl felvessz\u00fck \u00d6nnel a kapcsolatot.Az aj\u00e1nlatk\u00e9r\u00e9s&nbsp;d\u00edjmentes \u00e9s k\u00f6telezetts\u00e9gmentes. Az aj\u00e1nlat elk\u00e9sz\u00edt\u00e9s\u00e9hez az al\u00e1bbi adatok seg\u00edtenek minket: telep\u00edt\u00e9s helysz\u00edne [&hellip;]<\/p>\n","protected":false},"author":1,"featured_media":0,"parent":0,"menu_order":0,"comment_status":"closed","ping_status":"closed","template":"","meta":{"footnotes":""},"class_list":["post-125","page","type-page","status-publish","hentry","entry"],"_links":{"self":[{"href":"https:\/\/sparkshift.hu\/index.php?rest_route=\/wp\/v2\/pages\/125","targetHints":{"allow":["GET"]}}],"collection":[{"href":"https:\/\/sparkshift.hu\/index.php?rest_route=\/wp\/v2\/pages"}],"about":[{"href":"https:\/\/sparkshift.hu\/index.php?rest_route=\/wp\/v2\/types\/page"}],"author":[{"embeddable":true,"href":"https:\/\/sparkshift.hu\/index.php?rest_route=\/wp\/v2\/users\/1"}],"replies":[{"embeddable":true,"href":"https:\/\/sparkshift.hu\/index.php?rest_route=%2Fwp%2Fv2%2Fcomments&post=125"}],"version-history":[{"count":64,"href":"https:\/\/sparkshift.hu\/index.php?rest_route=\/wp\/v2\/pages\/125\/revisions"}],"predecessor-version":[{"id":525,"href":"https:\/\/sparkshift.hu\/index.php?rest_route=\/wp\/v2\/pages\/125\/revisions\/525"}],"wp:attachment":[{"href":"https:\/\/sparkshift.hu\/index.php?rest_route=%2Fwp%2Fv2%2Fmedia&parent=125"}],"curies":[{"name":"wp","href":"https:\/\/api.w.org\/{rel}","templated":true}]}}