{"id":11,"date":"2026-01-10T19:34:46","date_gmt":"2026-01-10T18:34:46","guid":{"rendered":"https:\/\/sparkshift.hu\/?page_id=11"},"modified":"2026-02-24T18:20:30","modified_gmt":"2026-02-24T17:20:30","slug":"fooldal","status":"publish","type":"page","link":"https:\/\/sparkshift.hu\/","title":{"rendered":"F\u0151oldal"},"content":{"rendered":"\t\t<div data-elementor-type=\"wp-page\" data-elementor-id=\"11\" class=\"elementor elementor-11\" data-elementor-post-type=\"page\">\n\t\t\t\t\t\t<section class=\"elementor-section elementor-top-section elementor-element elementor-element-f880207 elementor-section-stretched elementor-section-height-min-height elementor-section-boxed elementor-section-height-default elementor-section-items-middle\" data-id=\"f880207\" data-element_type=\"section\" data-settings=\"{&quot;stretch_section&quot;:&quot;section-stretched&quot;,&quot;background_background&quot;:&quot;classic&quot;}\">\n\t\t\t\t\t\t\t<div class=\"elementor-background-overlay\"><\/div>\n\t\t\t\t\t\t\t<div class=\"elementor-container elementor-column-gap-default\">\n\t\t\t\t\t<div class=\"elementor-column elementor-col-100 elementor-top-column elementor-element elementor-element-680744b\" data-id=\"680744b\" data-element_type=\"column\">\n\t\t\t<div class=\"elementor-widget-wrap elementor-element-populated\">\n\t\t\t\t\t\t<div class=\"elementor-element elementor-element-a73aaf9 elementor-widget elementor-widget-heading\" data-id=\"a73aaf9\" data-element_type=\"widget\" data-widget_type=\"heading.default\">\n\t\t\t\t<div class=\"elementor-widget-container\">\n\t\t\t\t\t<h2 class=\"elementor-heading-title elementor-size-default\">Napelemes rendszerek telep\u00edt\u00e9se <\/h2>\t\t\t\t<\/div>\n\t\t\t\t<\/div>\n\t\t\t\t<div class=\"elementor-element elementor-element-e08e3ed elementor-widget elementor-widget-heading\" data-id=\"e08e3ed\" data-element_type=\"widget\" data-widget_type=\"heading.default\">\n\t\t\t\t<div class=\"elementor-widget-container\">\n\t\t\t\t\t<h2 class=\"elementor-heading-title elementor-size-default\">Alacsonyabb rezsi, kisz\u00e1m\u00edthat\u00f3 energia<\/h2>\t\t\t\t<\/div>\n\t\t\t\t<\/div>\n\t\t\t\t\t<\/div>\n\t\t<\/div>\n\t\t\t\t\t<\/div>\n\t\t<\/section>\n\t\t\t\t<section class=\"elementor-section elementor-top-section elementor-element elementor-element-96ac4fe elementor-section-boxed elementor-section-height-default elementor-section-height-default\" data-id=\"96ac4fe\" data-element_type=\"section\">\n\t\t\t\t\t\t<div class=\"elementor-container elementor-column-gap-default\">\n\t\t\t\t\t<div class=\"elementor-column elementor-col-100 elementor-top-column elementor-element elementor-element-49c4ef1\" data-id=\"49c4ef1\" data-element_type=\"column\">\n\t\t\t<div class=\"elementor-widget-wrap elementor-element-populated\">\n\t\t\t\t\t\t<div class=\"elementor-element elementor-element-870d0b9 elementor-widget elementor-widget-spacer\" data-id=\"870d0b9\" data-element_type=\"widget\" data-widget_type=\"spacer.default\">\n\t\t\t\t<div class=\"elementor-widget-container\">\n\t\t\t\t\t\t\t<div class=\"elementor-spacer\">\n\t\t\t<div class=\"elementor-spacer-inner\"><\/div>\n\t\t<\/div>\n\t\t\t\t\t\t<\/div>\n\t\t\t\t<\/div>\n\t\t\t\t\t<\/div>\n\t\t<\/div>\n\t\t\t\t\t<\/div>\n\t\t<\/section>\n\t\t\t\t<section class=\"elementor-section elementor-top-section elementor-element elementor-element-837d1e2 elementor-section-boxed elementor-section-height-default elementor-section-height-default\" data-id=\"837d1e2\" data-element_type=\"section\">\n\t\t\t\t\t\t<div class=\"elementor-container elementor-column-gap-default\">\n\t\t\t\t\t<div class=\"elementor-column elementor-col-33 elementor-top-column elementor-element elementor-element-c0e9a5a\" data-id=\"c0e9a5a\" data-element_type=\"column\">\n\t\t\t<div class=\"elementor-widget-wrap elementor-element-populated\">\n\t\t\t\t\t\t<div class=\"elementor-element elementor-element-97070f9 elementor-widget elementor-widget-image\" data-id=\"97070f9\" data-element_type=\"widget\" data-widget_type=\"image.default\">\n\t\t\t\t<div class=\"elementor-widget-container\">\n\t\t\t\t\t\t\t\t\t\t\t\t\t\t\t<img fetchpriority=\"high\" decoding=\"async\" width=\"396\" height=\"266\" src=\"https:\/\/sparkshift.hu\/wp-content\/uploads\/2026\/01\/Felmeres-d.png\" class=\"attachment-large size-large wp-image-45\" alt=\"\" srcset=\"https:\/\/sparkshift.hu\/wp-content\/uploads\/2026\/01\/Felmeres-d.png 396w, https:\/\/sparkshift.hu\/wp-content\/uploads\/2026\/01\/Felmeres-d-300x202.png 300w\" sizes=\"(max-width: 396px) 100vw, 396px\" \/>\t\t\t\t\t\t\t\t\t\t\t\t\t\t\t<\/div>\n\t\t\t\t<\/div>\n\t\t\t\t<div class=\"elementor-element elementor-element-fb3b828 elementor-widget elementor-widget-heading\" data-id=\"fb3b828\" data-element_type=\"widget\" data-widget_type=\"heading.default\">\n\t\t\t\t<div class=\"elementor-widget-container\">\n\t\t\t\t\t<h2 class=\"elementor-heading-title elementor-size-default\">Felm\u00e9r\u00e9s<\/h2>\t\t\t\t<\/div>\n\t\t\t\t<\/div>\n\t\t\t\t<div class=\"elementor-element elementor-element-334e7fa elementor-widget elementor-widget-text-editor\" data-id=\"334e7fa\" data-element_type=\"widget\" data-widget_type=\"text-editor.default\">\n\t\t\t\t<div class=\"elementor-widget-container\">\n\t\t\t\t\t\t\t\t\t<p>A megbesz\u00e9lt id\u0151pontban \u00e9rkez\u00fcnk, \u00e9s helysz\u00edni vizsg\u00e1lattal pontosan felm\u00e9rj\u00fck az ingatlan adotts\u00e1gait \u00e9s energiaig\u00e9ny\u00e9t egyar\u00e1nt r\u00e9szletesen.<\/p>\t\t\t\t\t\t\t\t<\/div>\n\t\t\t\t<\/div>\n\t\t\t\t\t<\/div>\n\t\t<\/div>\n\t\t\t\t<div class=\"elementor-column elementor-col-33 elementor-top-column elementor-element elementor-element-f400fdc\" data-id=\"f400fdc\" data-element_type=\"column\">\n\t\t\t<div class=\"elementor-widget-wrap elementor-element-populated\">\n\t\t\t\t\t\t<div class=\"elementor-element elementor-element-b82987f elementor-widget elementor-widget-image\" data-id=\"b82987f\" data-element_type=\"widget\" data-widget_type=\"image.default\">\n\t\t\t\t<div class=\"elementor-widget-container\">\n\t\t\t\t\t\t\t\t\t\t\t\t\t\t\t<img decoding=\"async\" width=\"396\" height=\"266\" src=\"https:\/\/sparkshift.hu\/wp-content\/uploads\/2026\/01\/Ajanlatadas-d.png\" class=\"attachment-large size-large wp-image-46\" alt=\"\" srcset=\"https:\/\/sparkshift.hu\/wp-content\/uploads\/2026\/01\/Ajanlatadas-d.png 396w, https:\/\/sparkshift.hu\/wp-content\/uploads\/2026\/01\/Ajanlatadas-d-300x202.png 300w\" sizes=\"(max-width: 396px) 100vw, 396px\" \/>\t\t\t\t\t\t\t\t\t\t\t\t\t\t\t<\/div>\n\t\t\t\t<\/div>\n\t\t\t\t<div class=\"elementor-element elementor-element-bf3ca89 elementor-widget elementor-widget-heading\" data-id=\"bf3ca89\" data-element_type=\"widget\" data-widget_type=\"heading.default\">\n\t\t\t\t<div class=\"elementor-widget-container\">\n\t\t\t\t\t<h2 class=\"elementor-heading-title elementor-size-default\">Aj\u00e1nlatad\u00e1s<\/h2>\t\t\t\t<\/div>\n\t\t\t\t<\/div>\n\t\t\t\t<div class=\"elementor-element elementor-element-8cf2154 elementor-widget elementor-widget-text-editor\" data-id=\"8cf2154\" data-element_type=\"widget\" data-widget_type=\"text-editor.default\">\n\t\t\t\t<div class=\"elementor-widget-container\">\n\t\t\t\t\t\t\t\t\t<p>A felm\u00e9r\u00e9st k\u00f6vet\u0151en szem\u00e9lyre szabott, \u00e1tl\u00e1that\u00f3 aj\u00e1nlatot k\u00e9sz\u00edt\u00fcnk, amelyet r\u00e9szletes m\u0171szaki tartalommal egy h\u00e9ten bel\u00fcl megk\u00fcld\u00fcnk.<\/p>\t\t\t\t\t\t\t\t<\/div>\n\t\t\t\t<\/div>\n\t\t\t\t\t<\/div>\n\t\t<\/div>\n\t\t\t\t<div class=\"elementor-column elementor-col-33 elementor-top-column elementor-element elementor-element-1ee125a\" data-id=\"1ee125a\" data-element_type=\"column\">\n\t\t\t<div class=\"elementor-widget-wrap elementor-element-populated\">\n\t\t\t\t\t\t<div class=\"elementor-element elementor-element-3c53772 elementor-widget elementor-widget-image\" data-id=\"3c53772\" data-element_type=\"widget\" data-widget_type=\"image.default\">\n\t\t\t\t<div class=\"elementor-widget-container\">\n\t\t\t\t\t\t\t\t\t\t\t\t\t\t\t<img decoding=\"async\" width=\"396\" height=\"265\" src=\"https:\/\/sparkshift.hu\/wp-content\/uploads\/2026\/01\/Vegrehajtas-d.png\" class=\"attachment-large size-large wp-image-44\" alt=\"\" srcset=\"https:\/\/sparkshift.hu\/wp-content\/uploads\/2026\/01\/Vegrehajtas-d.png 396w, https:\/\/sparkshift.hu\/wp-content\/uploads\/2026\/01\/Vegrehajtas-d-300x201.png 300w\" sizes=\"(max-width: 396px) 100vw, 396px\" \/>\t\t\t\t\t\t\t\t\t\t\t\t\t\t\t<\/div>\n\t\t\t\t<\/div>\n\t\t\t\t<div class=\"elementor-element elementor-element-1636856 elementor-widget elementor-widget-heading\" data-id=\"1636856\" data-element_type=\"widget\" data-widget_type=\"heading.default\">\n\t\t\t\t<div class=\"elementor-widget-container\">\n\t\t\t\t\t<h2 class=\"elementor-heading-title elementor-size-default\">V\u00e9grehajt\u00e1s<\/h2>\t\t\t\t<\/div>\n\t\t\t\t<\/div>\n\t\t\t\t<div class=\"elementor-element elementor-element-fe58fdc elementor-widget elementor-widget-text-editor\" data-id=\"fe58fdc\" data-element_type=\"widget\" data-widget_type=\"text-editor.default\">\n\t\t\t\t<div class=\"elementor-widget-container\">\n\t\t\t\t\t\t\t\t\t<p>A megbesz\u00e9lt id\u0151pontban \u00e9rkez\u00fcnk.&nbsp;<span style=\"font-size: 14px;\">Az egyeztetett id\u0151pontban szakszer\u0171 kivitelez\u00e9st v\u00e9gz\u00fcnk, majd egy teljesen k\u00e9sz, m\u0171k\u00f6d\u0151 rendszert adunk \u00e1t.&nbsp;<\/span><\/p>\t\t\t\t\t\t\t\t<\/div>\n\t\t\t\t<\/div>\n\t\t\t\t\t<\/div>\n\t\t<\/div>\n\t\t\t\t\t<\/div>\n\t\t<\/section>\n\t\t\t\t<section class=\"elementor-section elementor-top-section elementor-element elementor-element-91638c3 elementor-section-boxed elementor-section-height-default elementor-section-height-default\" data-id=\"91638c3\" data-element_type=\"section\">\n\t\t\t\t\t\t<div class=\"elementor-container elementor-column-gap-default\">\n\t\t\t\t\t<div class=\"elementor-column elementor-col-100 elementor-top-column elementor-element elementor-element-9628972\" data-id=\"9628972\" data-element_type=\"column\">\n\t\t\t<div class=\"elementor-widget-wrap elementor-element-populated\">\n\t\t\t\t\t\t<div class=\"elementor-element elementor-element-895096c elementor-widget elementor-widget-spacer\" data-id=\"895096c\" data-element_type=\"widget\" data-widget_type=\"spacer.default\">\n\t\t\t\t<div class=\"elementor-widget-container\">\n\t\t\t\t\t\t\t<div class=\"elementor-spacer\">\n\t\t\t<div class=\"elementor-spacer-inner\"><\/div>\n\t\t<\/div>\n\t\t\t\t\t\t<\/div>\n\t\t\t\t<\/div>\n\t\t\t\t\t<\/div>\n\t\t<\/div>\n\t\t\t\t\t<\/div>\n\t\t<\/section>\n\t\t\t\t<section class=\"elementor-section elementor-top-section elementor-element elementor-element-4b09cef elementor-section-boxed elementor-section-height-default elementor-section-height-default\" data-id=\"4b09cef\" data-element_type=\"section\">\n\t\t\t\t\t\t<div class=\"elementor-container elementor-column-gap-default\">\n\t\t\t\t\t<div class=\"elementor-column elementor-col-50 elementor-top-column elementor-element elementor-element-deacc33\" data-id=\"deacc33\" data-element_type=\"column\">\n\t\t\t<div class=\"elementor-widget-wrap elementor-element-populated\">\n\t\t\t\t\t\t<div class=\"elementor-element elementor-element-e8a19be elementor-widget elementor-widget-image\" data-id=\"e8a19be\" data-element_type=\"widget\" data-widget_type=\"image.default\">\n\t\t\t\t<div class=\"elementor-widget-container\">\n\t\t\t\t\t\t\t\t\t\t\t\t\t\t\t<img loading=\"lazy\" decoding=\"async\" width=\"768\" height=\"1152\" src=\"https:\/\/sparkshift.hu\/wp-content\/uploads\/2026\/02\/ChatGPT-Image-2026.-febr.-23-768x1152.png\" class=\"attachment-medium_large size-medium_large wp-image-446\" alt=\"\" srcset=\"https:\/\/sparkshift.hu\/wp-content\/uploads\/2026\/02\/ChatGPT-Image-2026.-febr.-23-768x1152.png 768w, https:\/\/sparkshift.hu\/wp-content\/uploads\/2026\/02\/ChatGPT-Image-2026.-febr.-23-200x300.png 200w, https:\/\/sparkshift.hu\/wp-content\/uploads\/2026\/02\/ChatGPT-Image-2026.-febr.-23-683x1024.png 683w, https:\/\/sparkshift.hu\/wp-content\/uploads\/2026\/02\/ChatGPT-Image-2026.-febr.-23.png 1024w\" sizes=\"(max-width: 768px) 100vw, 768px\" \/>\t\t\t\t\t\t\t\t\t\t\t\t\t\t\t<\/div>\n\t\t\t\t<\/div>\n\t\t\t\t\t<\/div>\n\t\t<\/div>\n\t\t\t\t<div class=\"elementor-column elementor-col-50 elementor-top-column elementor-element elementor-element-14173d1\" data-id=\"14173d1\" data-element_type=\"column\">\n\t\t\t<div class=\"elementor-widget-wrap elementor-element-populated\">\n\t\t\t\t\t\t<div class=\"elementor-element elementor-element-51b0366 elementor-widget elementor-widget-heading\" data-id=\"51b0366\" data-element_type=\"widget\" data-widget_type=\"heading.default\">\n\t\t\t\t<div class=\"elementor-widget-container\">\n\t\t\t\t\t<h2 class=\"elementor-heading-title elementor-size-default\">Aj\u00e1nlatk\u00e9r\u00e9s<\/h2>\t\t\t\t<\/div>\n\t\t\t\t<\/div>\n\t\t\t\t<div class=\"elementor-element elementor-element-f5fe488 elementor-widget elementor-widget-text-editor\" data-id=\"f5fe488\" data-element_type=\"widget\" data-widget_type=\"text-editor.default\">\n\t\t\t\t<div class=\"elementor-widget-container\">\n\t\t\t\t\t\t\t\t\t<p><strong data-start=\"127\" data-end=\"187\">K\u00e9rjen szem\u00e9lyre szabott aj\u00e1nlatot napelemes rendszerre!<\/strong><br data-start=\"187\" data-end=\"190\" \/>T\u00f6ltse ki az \u0171rlapot, \u00e9s szak\u00e9rt\u0151ink r\u00f6vid id\u0151n bel\u00fcl felveszik \u00d6nnel a kapcsolatot egy \u00e1tl\u00e1that\u00f3, az ig\u00e9nyeire szabott aj\u00e1nlattal.<\/p>\t\t\t\t\t\t\t\t<\/div>\n\t\t\t\t<\/div>\n\t\t\t\t<div class=\"elementor-element elementor-element-8041f57 elementor-widget elementor-widget-spacer\" data-id=\"8041f57\" data-element_type=\"widget\" data-widget_type=\"spacer.default\">\n\t\t\t\t<div class=\"elementor-widget-container\">\n\t\t\t\t\t\t\t<div class=\"elementor-spacer\">\n\t\t\t<div class=\"elementor-spacer-inner\"><\/div>\n\t\t<\/div>\n\t\t\t\t\t\t<\/div>\n\t\t\t\t<\/div>\n\t\t\t\t<div class=\"elementor-element elementor-element-9eae9ff elementor-align-center elementor-widget elementor-widget-button\" data-id=\"9eae9ff\" data-element_type=\"widget\" data-widget_type=\"button.default\">\n\t\t\t\t<div class=\"elementor-widget-container\">\n\t\t\t\t\t\t\t\t\t<div class=\"elementor-button-wrapper\">\n\t\t\t\t\t<a class=\"elementor-button elementor-button-link elementor-size-sm\" href=\"https:\/\/sparkshift.hu\/?page_id=123\">\n\t\t\t\t\t\t<span class=\"elementor-button-content-wrapper\">\n\t\t\t\t\t\t\t\t\t<span class=\"elementor-button-text\">Kattints ide<\/span>\n\t\t\t\t\t<\/span>\n\t\t\t\t\t<\/a>\n\t\t\t\t<\/div>\n\t\t\t\t\t\t\t\t<\/div>\n\t\t\t\t<\/div>\n\t\t\t\t\t<\/div>\n\t\t<\/div>\n\t\t\t\t\t<\/div>\n\t\t<\/section>\n\t\t\t\t<section class=\"elementor-section elementor-top-section elementor-element elementor-element-785de0c elementor-section-boxed elementor-section-height-default elementor-section-height-default\" data-id=\"785de0c\" data-element_type=\"section\">\n\t\t\t\t\t\t<div class=\"elementor-container elementor-column-gap-default\">\n\t\t\t\t\t<div class=\"elementor-column elementor-col-100 elementor-top-column elementor-element elementor-element-01f3c30\" data-id=\"01f3c30\" data-element_type=\"column\">\n\t\t\t<div class=\"elementor-widget-wrap elementor-element-populated\">\n\t\t\t\t\t\t<div class=\"elementor-element elementor-element-809c890 elementor-widget elementor-widget-spacer\" data-id=\"809c890\" data-element_type=\"widget\" data-widget_type=\"spacer.default\">\n\t\t\t\t<div class=\"elementor-widget-container\">\n\t\t\t\t\t\t\t<div class=\"elementor-spacer\">\n\t\t\t<div class=\"elementor-spacer-inner\"><\/div>\n\t\t<\/div>\n\t\t\t\t\t\t<\/div>\n\t\t\t\t<\/div>\n\t\t\t\t\t<\/div>\n\t\t<\/div>\n\t\t\t\t\t<\/div>\n\t\t<\/section>\n\t\t\t\t<section class=\"elementor-section elementor-top-section elementor-element elementor-element-34dd8f4 elementor-section-boxed elementor-section-height-default elementor-section-height-default\" data-id=\"34dd8f4\" data-element_type=\"section\">\n\t\t\t\t\t\t<div class=\"elementor-container elementor-column-gap-default\">\n\t\t\t\t\t<div class=\"elementor-column elementor-col-50 elementor-top-column elementor-element elementor-element-79d12e6\" data-id=\"79d12e6\" data-element_type=\"column\">\n\t\t\t<div class=\"elementor-widget-wrap elementor-element-populated\">\n\t\t\t\t\t\t<div class=\"elementor-element elementor-element-045e139 elementor-widget elementor-widget-heading\" data-id=\"045e139\" data-element_type=\"widget\" data-widget_type=\"heading.default\">\n\t\t\t\t<div class=\"elementor-widget-container\">\n\t\t\t\t\t<h2 class=\"elementor-heading-title elementor-size-default\">Bemutatkoz\u00e1s<\/h2>\t\t\t\t<\/div>\n\t\t\t\t<\/div>\n\t\t\t\t<div class=\"elementor-element elementor-element-eb6adde elementor-widget elementor-widget-text-editor\" data-id=\"eb6adde\" data-element_type=\"widget\" data-widget_type=\"text-editor.default\">\n\t\t\t\t<div class=\"elementor-widget-container\">\n\t\t\t\t\t\t\t\t\t<p data-start=\"292\" data-end=\"354\"><strong data-start=\"292\" data-end=\"354\">Meg\u00fajul\u00f3 energia. Biztos megt\u00e9r\u00fcl\u00e9s. Szak\u00e9rt\u0151 kivitelez\u00e9s.<\/strong><\/p><p data-start=\"356\" data-end=\"624\">C\u00e9lunk, hogy \u00fcgyfeleink sz\u00e1m\u00e1ra <strong data-start=\"388\" data-end=\"465\">megb\u00edzhat\u00f3, hossz\u00fa t\u00e1von m\u0171k\u00f6d\u0151 \u00e9s k\u00f6lts\u00e9ghat\u00e9kony napelemes rendszereket<\/strong> tervezz\u00fcnk \u00e9s val\u00f3s\u00edtsunk meg. Legyen sz\u00f3 csal\u00e1di h\u00e1zr\u00f3l vagy v\u00e1llalkoz\u00e1sr\u00f3l, minden projektet <strong data-start=\"561\" data-end=\"587\">egyedi ig\u00e9nyek alapj\u00e1n<\/strong>, \u00e1tl\u00e1that\u00f3 folyamat ment\u00e9n kezel\u00fcnk.<\/p><p data-start=\"626\" data-end=\"855\">A teljes folyamatot k\u00e9zben tartjuk az els\u0151 felm\u00e9r\u00e9st\u0151l eg\u00e9szen a k\u00e9sz rendszer \u00e1tad\u00e1s\u00e1ig. <strong data-start=\"716\" data-end=\"756\">Nem sablonmegold\u00e1sokban gondolkodunk<\/strong>, hanem az adott ingatlanhoz \u00e9s energiafelhaszn\u00e1l\u00e1shoz legjobban illeszked\u0151 rendszert alak\u00edtjuk ki.<\/p>\t\t\t\t\t\t\t\t<\/div>\n\t\t\t\t<\/div>\n\t\t\t\t<div class=\"elementor-element elementor-element-9b282b0 elementor-widget elementor-widget-spacer\" data-id=\"9b282b0\" data-element_type=\"widget\" data-widget_type=\"spacer.default\">\n\t\t\t\t<div class=\"elementor-widget-container\">\n\t\t\t\t\t\t\t<div class=\"elementor-spacer\">\n\t\t\t<div class=\"elementor-spacer-inner\"><\/div>\n\t\t<\/div>\n\t\t\t\t\t\t<\/div>\n\t\t\t\t<\/div>\n\t\t\t\t<div class=\"elementor-element elementor-element-caaa208 elementor-align-center elementor-widget elementor-widget-button\" data-id=\"caaa208\" data-element_type=\"widget\" data-widget_type=\"button.default\">\n\t\t\t\t<div class=\"elementor-widget-container\">\n\t\t\t\t\t\t\t\t\t<div class=\"elementor-button-wrapper\">\n\t\t\t\t\t<a class=\"elementor-button elementor-button-link elementor-size-sm\" href=\"https:\/\/sparkshift.hu\/?page_id=129\">\n\t\t\t\t\t\t<span class=\"elementor-button-content-wrapper\">\n\t\t\t\t\t\t\t\t\t<span class=\"elementor-button-text\">Referenci\u00e1k<\/span>\n\t\t\t\t\t<\/span>\n\t\t\t\t\t<\/a>\n\t\t\t\t<\/div>\n\t\t\t\t\t\t\t\t<\/div>\n\t\t\t\t<\/div>\n\t\t\t\t\t<\/div>\n\t\t<\/div>\n\t\t\t\t<div class=\"elementor-column elementor-col-50 elementor-top-column elementor-element elementor-element-a8f300f\" data-id=\"a8f300f\" data-element_type=\"column\">\n\t\t\t<div class=\"elementor-widget-wrap elementor-element-populated\">\n\t\t\t\t\t\t<div class=\"elementor-element elementor-element-7cde71b elementor-widget elementor-widget-image\" data-id=\"7cde71b\" data-element_type=\"widget\" data-widget_type=\"image.default\">\n\t\t\t\t<div class=\"elementor-widget-container\">\n\t\t\t\t\t\t\t\t\t\t\t\t\t\t\t<img loading=\"lazy\" decoding=\"async\" width=\"1024\" height=\"1024\" src=\"https:\/\/sparkshift.hu\/wp-content\/uploads\/2026\/01\/Fooldal-aktualis2--1024x1024.png\" class=\"attachment-large size-large wp-image-87\" alt=\"\" srcset=\"https:\/\/sparkshift.hu\/wp-content\/uploads\/2026\/01\/Fooldal-aktualis2--1024x1024.png 1024w, https:\/\/sparkshift.hu\/wp-content\/uploads\/2026\/01\/Fooldal-aktualis2--300x300.png 300w, https:\/\/sparkshift.hu\/wp-content\/uploads\/2026\/01\/Fooldal-aktualis2--150x150.png 150w, https:\/\/sparkshift.hu\/wp-content\/uploads\/2026\/01\/Fooldal-aktualis2--768x768.png 768w, https:\/\/sparkshift.hu\/wp-content\/uploads\/2026\/01\/Fooldal-aktualis2--600x600.png 600w, https:\/\/sparkshift.hu\/wp-content\/uploads\/2026\/01\/Fooldal-aktualis2-.png 1320w\" sizes=\"(max-width: 1024px) 100vw, 1024px\" \/>\t\t\t\t\t\t\t\t\t\t\t\t\t\t\t<\/div>\n\t\t\t\t<\/div>\n\t\t\t\t\t<\/div>\n\t\t<\/div>\n\t\t\t\t\t<\/div>\n\t\t<\/section>\n\t\t\t\t<section class=\"elementor-section elementor-top-section elementor-element elementor-element-2100c2d elementor-section-boxed elementor-section-height-default elementor-section-height-default\" data-id=\"2100c2d\" data-element_type=\"section\">\n\t\t\t\t\t\t<div class=\"elementor-container elementor-column-gap-default\">\n\t\t\t\t\t<div class=\"elementor-column elementor-col-100 elementor-top-column elementor-element elementor-element-980b996\" data-id=\"980b996\" data-element_type=\"column\">\n\t\t\t<div class=\"elementor-widget-wrap elementor-element-populated\">\n\t\t\t\t\t\t<div class=\"elementor-element elementor-element-c2f4b83 elementor-widget elementor-widget-spacer\" data-id=\"c2f4b83\" data-element_type=\"widget\" data-widget_type=\"spacer.default\">\n\t\t\t\t<div class=\"elementor-widget-container\">\n\t\t\t\t\t\t\t<div class=\"elementor-spacer\">\n\t\t\t<div class=\"elementor-spacer-inner\"><\/div>\n\t\t<\/div>\n\t\t\t\t\t\t<\/div>\n\t\t\t\t<\/div>\n\t\t\t\t\t<\/div>\n\t\t<\/div>\n\t\t\t\t\t<\/div>\n\t\t<\/section>\n\t\t\t\t<\/div>\n\t\t","protected":false},"excerpt":{"rendered":"<p>Napelemes rendszerek telep\u00edt\u00e9se Alacsonyabb rezsi, kisz\u00e1m\u00edthat\u00f3 energia Felm\u00e9r\u00e9s A megbesz\u00e9lt id\u0151pontban \u00e9rkez\u00fcnk, \u00e9s helysz\u00edni vizsg\u00e1lattal pontosan felm\u00e9rj\u00fck az ingatlan adotts\u00e1gait \u00e9s energiaig\u00e9ny\u00e9t egyar\u00e1nt r\u00e9szletesen. Aj\u00e1nlatad\u00e1s A felm\u00e9r\u00e9st k\u00f6vet\u0151en szem\u00e9lyre szabott, \u00e1tl\u00e1that\u00f3 aj\u00e1nlatot k\u00e9sz\u00edt\u00fcnk, amelyet r\u00e9szletes m\u0171szaki tartalommal egy h\u00e9ten bel\u00fcl megk\u00fcld\u00fcnk. V\u00e9grehajt\u00e1s A megbesz\u00e9lt id\u0151pontban \u00e9rkez\u00fcnk.&nbsp;Az egyeztetett id\u0151pontban szakszer\u0171 kivitelez\u00e9st v\u00e9gz\u00fcnk, majd egy teljesen k\u00e9sz, [&hellip;]<\/p>\n","protected":false},"author":1,"featured_media":0,"parent":0,"menu_order":0,"comment_status":"closed","ping_status":"closed","template":"","meta":{"footnotes":""},"class_list":["post-11","page","type-page","status-publish","hentry","entry"],"_links":{"self":[{"href":"https:\/\/sparkshift.hu\/index.php?rest_route=\/wp\/v2\/pages\/11","targetHints":{"allow":["GET"]}}],"collection":[{"href":"https:\/\/sparkshift.hu\/index.php?rest_route=\/wp\/v2\/pages"}],"about":[{"href":"https:\/\/sparkshift.hu\/index.php?rest_route=\/wp\/v2\/types\/page"}],"author":[{"embeddable":true,"href":"https:\/\/sparkshift.hu\/index.php?rest_route=\/wp\/v2\/users\/1"}],"replies":[{"embeddable":true,"href":"https:\/\/sparkshift.hu\/index.php?rest_route=%2Fwp%2Fv2%2Fcomments&post=11"}],"version-history":[{"count":115,"href":"https:\/\/sparkshift.hu\/index.php?rest_route=\/wp\/v2\/pages\/11\/revisions"}],"predecessor-version":[{"id":460,"href":"https:\/\/sparkshift.hu\/index.php?rest_route=\/wp\/v2\/pages\/11\/revisions\/460"}],"wp:attachment":[{"href":"https:\/\/sparkshift.hu\/index.php?rest_route=%2Fwp%2Fv2%2Fmedia&parent=11"}],"curies":[{"name":"wp","href":"https:\/\/api.w.org\/{rel}","templated":true}]}}